{"id":45,"date":"2026-01-28T08:42:30","date_gmt":"2026-01-28T08:42:30","guid":{"rendered":"https:\/\/www.sweetech.com.tr\/tp\/?page_id=45"},"modified":"2026-01-28T08:45:27","modified_gmt":"2026-01-28T08:45:27","slug":"giris","status":"publish","type":"page","link":"https:\/\/www.sweetech.com.tr\/tp\/giris\/","title":{"rendered":"Giri\u015f"},"content":{"rendered":"    <div style=\"max-width:1100px;margin:40px auto;padding:0 16px;font-family:Arial;\">\r\n        <h1 style=\"font-size:56px;letter-spacing:-1px;margin:0 0 18px;\">Giri\u015f<\/h1>\r\n\r\n        \r\n        <div style=\"border-radius:18px;overflow:hidden;box-shadow:0 10px 28px rgba(0,0,0,.10);background:#fff;max-width:720px;\">\r\n            <div style=\"padding:22px;background:linear-gradient(135deg,#0f172a 0%,#1f3a5a 55%,#2c4a6a 100%);color:#fff;\">\r\n                <div style=\"font-size:20px;font-weight:900;\">TP Panel Giri\u015f<\/div>\r\n                <div style=\"font-size:13px;opacity:.9;margin-top:6px;\">\u015eimdilik sadece Google ile giri\u015f a\u00e7\u0131kt\u0131r.<\/div>\r\n            <\/div>\r\n\r\n            <div style=\"padding:18px;\">\r\n                <div style=\"border:1px solid #eee;border-radius:14px;padding:16px;background:#fafafa;\">\r\n                    <div style=\"color:#334155;font-size:13px;margin-bottom:12px;\">\r\n                        Devam etmek i\u00e7in Google hesab\u0131n\u0131zla giri\u015f yap\u0131n.\r\n                    <\/div>\r\n\r\n                                            <div class=\"tp-nsl-wrap\" style=\"display:inline-block;\">\r\n                            <div class=\"nsl-container nsl-container-block\" data-align=\"left\"><div class=\"nsl-container-buttons\"><a href=\"https:\/\/www.sweetech.com.tr\/tp\/wp-login.php?loginSocial=google&#038;redirect=https%3A%2F%2Fwww.sweetech.com.tr%2Ftp%2Fpanel%2F\" rel=\"nofollow\" aria-label=\" &lt;b&gt;Google&lt;\/b&gt; ile Devam Et\" data-plugin=\"nsl\" data-action=\"connect\" data-provider=\"google\" data-popupwidth=\"600\" data-popupheight=\"600\"><div class=\"nsl-button nsl-button-default nsl-button-google\" data-skin=\"light\" style=\"background-color:#fff;\"><div class=\"nsl-button-svg-container\"><svg xmlns=\"http:\/\/www.w3.org\/2000\/svg\" width=\"24\" height=\"24\" viewBox=\"0 0 24 24\"><path fill=\"#4285F4\" d=\"M20.64 12.2045c0-.6381-.0573-1.2518-.1636-1.8409H12v3.4814h4.8436c-.2086 1.125-.8427 2.0782-1.7959 2.7164v2.2581h2.9087c1.7018-1.5668 2.6836-3.874 2.6836-6.615z\"><\/path><path fill=\"#34A853\" d=\"M12 21c2.43 0 4.4673-.806 5.9564-2.1805l-2.9087-2.2581c-.8059.54-1.8368.859-3.0477.859-2.344 0-4.3282-1.5831-5.036-3.7104H3.9574v2.3318C5.4382 18.9832 8.4818 21 12 21z\"><\/path><path fill=\"#FBBC05\" d=\"M6.964 13.71c-.18-.54-.2822-1.1168-.2822-1.71s.1023-1.17.2823-1.71V7.9582H3.9573A8.9965 8.9965 0 0 0 3 12c0 1.4523.3477 2.8268.9573 4.0418L6.964 13.71z\"><\/path><path fill=\"#EA4335\" d=\"M12 6.5795c1.3214 0 2.5077.4541 3.4405 1.346l2.5813-2.5814C16.4632 3.8918 14.426 3 12 3 8.4818 3 5.4382 5.0168 3.9573 7.9582L6.964 10.29C7.6718 8.1627 9.6559 6.5795 12 6.5795z\"><\/path><\/svg><\/div><div class=\"nsl-button-label-container\"> <b>Google<\/b> ile Devam Et<\/div><\/div><\/a><\/div><\/div>                        <\/div>\r\n\r\n                        <style>\r\n                            \/* Nextend butonunu bizim stile yakla\u015ft\u0131r (minimal) *\/\r\n                            .tp-nsl-wrap .nsl-container { margin: 0 !important; }\r\n                            .tp-nsl-wrap .nsl-button { border-radius:12px !important; }\r\n                            .tp-nsl-wrap .nsl-button-default { border:1px solid #cbd5e1 !important; }\r\n                        <\/style>\r\n                                    <\/div>\r\n\r\n                <div style=\"margin-top:12px;color:#64748b;font-size:12px;\">\r\n                    Giri\u015f sonras\u0131 otomatik olarak panele y\u00f6nlendirilirsiniz.\r\n                <\/div>\r\n            <\/div>\r\n        <\/div>\r\n    <\/div>\r\n    \n","protected":false},"excerpt":{"rendered":"","protected":false},"author":1,"featured_media":0,"parent":0,"menu_order":0,"comment_status":"closed","ping_status":"closed","template":"","meta":{"footnotes":""},"class_list":["post-45","page","type-page","status-publish","hentry"],"_links":{"self":[{"href":"https:\/\/www.sweetech.com.tr\/tp\/wp-json\/wp\/v2\/pages\/45","targetHints":{"allow":["GET"]}}],"collection":[{"href":"https:\/\/www.sweetech.com.tr\/tp\/wp-json\/wp\/v2\/pages"}],"about":[{"href":"https:\/\/www.sweetech.com.tr\/tp\/wp-json\/wp\/v2\/types\/page"}],"author":[{"embeddable":true,"href":"https:\/\/www.sweetech.com.tr\/tp\/wp-json\/wp\/v2\/users\/1"}],"replies":[{"embeddable":true,"href":"https:\/\/www.sweetech.com.tr\/tp\/wp-json\/wp\/v2\/comments?post=45"}],"version-history":[{"count":2,"href":"https:\/\/www.sweetech.com.tr\/tp\/wp-json\/wp\/v2\/pages\/45\/revisions"}],"predecessor-version":[{"id":47,"href":"https:\/\/www.sweetech.com.tr\/tp\/wp-json\/wp\/v2\/pages\/45\/revisions\/47"}],"wp:attachment":[{"href":"https:\/\/www.sweetech.com.tr\/tp\/wp-json\/wp\/v2\/media?parent=45"}],"curies":[{"name":"wp","href":"https:\/\/api.w.org\/{rel}","templated":true}]}}